{"id":19,"date":"2024-04-26T06:31:50","date_gmt":"2024-04-26T09:31:50","guid":{"rendered":"https:\/\/riograndeaqui.com.br\/?page_id=19"},"modified":"2024-05-15T17:36:26","modified_gmt":"2024-05-15T20:36:26","slug":"quem-somos","status":"publish","type":"page","link":"https:\/\/riograndeaqui.com.br\/home\/quem-somos\/","title":{"rendered":"Quem Somos"},"content":{"rendered":"\t\t<div data-elementor-type=\"wp-page\" data-elementor-id=\"19\" class=\"elementor elementor-19\" data-elementor-post-type=\"page\">\n\t\t\t\t<div class=\"elementor-element elementor-element-69c9915 e-flex e-con-boxed e-con e-parent\" data-id=\"69c9915\" data-element_type=\"container\">\n\t\t\t\t\t<div class=\"e-con-inner\">\n\t\t\t\t<div class=\"elementor-element elementor-element-63f4d29 elementor-widget elementor-widget-text-editor\" data-id=\"63f4d29\" data-element_type=\"widget\" data-widget_type=\"text-editor.default\">\n\t\t\t\t<div class=\"elementor-widget-container\">\n\t\t\t<style>\/*! elementor - v3.21.0 - 25-04-2024 *\/\n.elementor-widget-text-editor.elementor-drop-cap-view-stacked .elementor-drop-cap{background-color:#69727d;color:#fff}.elementor-widget-text-editor.elementor-drop-cap-view-framed .elementor-drop-cap{color:#69727d;border:3px solid;background-color:transparent}.elementor-widget-text-editor:not(.elementor-drop-cap-view-default) .elementor-drop-cap{margin-top:8px}.elementor-widget-text-editor:not(.elementor-drop-cap-view-default) .elementor-drop-cap-letter{width:1em;height:1em}.elementor-widget-text-editor .elementor-drop-cap{float:left;text-align:center;line-height:1;font-size:50px}.elementor-widget-text-editor .elementor-drop-cap-letter{display:inline-block}<\/style>\t\t\t\t<h2><strong>Conectando Turistas e Com\u00e9rcios Locais em Uma Experi\u00eancia \u00danica<\/strong><\/h2><p>Na\u00a0<strong>RiograndeAqui<\/strong>, nossa miss\u00e3o \u00e9 tornar cada viagem uma jornada inesquec\u00edvel. Somos um site que conecta viajantes a pequenas e m\u00e9dias ag\u00eancias de viagens, oferecendo uma experi\u00eancia completa e aut\u00eantica. Seja voc\u00ea um turista curioso ou um explorador experiente, estamos aqui para tornar sua viagem especial.<\/p><h3><strong>O que oferecemos:<\/strong><\/h3><ol><li><p><strong>Busca Inteligente e Com\u00e9rcios Locais:<\/strong>\u00a0Nosso site \u00e9 o guia perfeito para explorar os encantos de\u00a0<strong>Riogrande<\/strong>. Queremos que voc\u00ea descubra os melhores com\u00e9rcios locais, desde restaurantes e lojas at\u00e9 servi\u00e7os especializados. Encontre o que h\u00e1 de melhor em nossa cidade!<\/p><\/li><li><p><strong>Tour Virtual de Pr\u00e9dios Hist\u00f3ricos e Museus:<\/strong>\u00a0A hist\u00f3ria e a cultura s\u00e3o essenciais para uma viagem significativa. Oferecemos tours virtuais detalhados de pr\u00e9dios hist\u00f3ricos, museus e locais emblem\u00e1ticos de\u00a0<strong>Riogrande<\/strong>. Explore virtualmente antes de visitar pessoalmente e mergulhe na rica heran\u00e7a da nossa cidade.<\/p><\/li><li><p><strong>Tour Virtual de Lojas:<\/strong> Para os amantes das compras, criamos tours virtuais pelas lojas locais. Descubra produtos exclusivos, confira as ofertas e at\u00e9 mesmo fa\u00e7a compras online.<\/p><h3><strong>Nossa Hist\u00f3ria:<\/strong><\/h3><p>Fundada por Edervan Soares, a <strong>RiograndeAqui<\/strong> nasceu da paix\u00e3o por viagens e da necessidade de conectar turistas a experi\u00eancias aut\u00eanticas.\u00a0 Assim, surgiu a ideia de criar um site que facilitasse a busca e compara\u00e7\u00e3o de viagens oferecidas por ag\u00eancias.<\/p><p>Hoje, estamos comprometidos em transformar a maneira como as pessoas viajam em\u00a0<strong>Riogrande<\/strong>. Seja bem-vindo \u00e0 nossa comunidade, onde cada viagem \u00e9 uma oportunidade de descoberta!<\/p><hr \/><\/li><\/ol>\t\t\t\t\t\t<\/div>\n\t\t\t\t<\/div>\n\t\t\t\t\t<\/div>\n\t\t\t\t<\/div>\n\t\t\t\t<\/div>\n\t\t","protected":false},"excerpt":{"rendered":"<p>Conectando Turistas e Com\u00e9rcios Locais em Uma Experi\u00eancia \u00danica Na\u00a0RiograndeAqui, nossa miss\u00e3o \u00e9 tornar cada viagem uma jornada inesquec\u00edvel. Somos um site que conecta viajantes a pequenas e m\u00e9dias ag\u00eancias de viagens, oferecendo uma experi\u00eancia completa e aut\u00eantica. Seja voc\u00ea um turista curioso ou um explorador experiente, estamos aqui para tornar sua viagem especial. O [&hellip;]<\/p>\n","protected":false},"author":1,"featured_media":0,"parent":0,"menu_order":0,"comment_status":"closed","ping_status":"closed","template":"","meta":{"footnotes":""},"bairros":[],"_links":{"self":[{"href":"https:\/\/riograndeaqui.com.br\/home\/wp-json\/wp\/v2\/pages\/19"}],"collection":[{"href":"https:\/\/riograndeaqui.com.br\/home\/wp-json\/wp\/v2\/pages"}],"about":[{"href":"https:\/\/riograndeaqui.com.br\/home\/wp-json\/wp\/v2\/types\/page"}],"author":[{"embeddable":true,"href":"https:\/\/riograndeaqui.com.br\/home\/wp-json\/wp\/v2\/users\/1"}],"replies":[{"embeddable":true,"href":"https:\/\/riograndeaqui.com.br\/home\/wp-json\/wp\/v2\/comments?post=19"}],"version-history":[{"count":7,"href":"https:\/\/riograndeaqui.com.br\/home\/wp-json\/wp\/v2\/pages\/19\/revisions"}],"predecessor-version":[{"id":573,"href":"https:\/\/riograndeaqui.com.br\/home\/wp-json\/wp\/v2\/pages\/19\/revisions\/573"}],"wp:attachment":[{"href":"https:\/\/riograndeaqui.com.br\/home\/wp-json\/wp\/v2\/media?parent=19"}],"wp:term":[{"taxonomy":"bairros","embeddable":true,"href":"https:\/\/riograndeaqui.com.br\/home\/wp-json\/wp\/v2\/bairros?post=19"}],"curies":[{"name":"wp","href":"https:\/\/api.w.org\/{rel}","templated":true}]}}